{"id":87359,"date":"2025-06-19T11:01:48","date_gmt":"2025-06-19T03:01:48","guid":{"rendered":"http:\/\/192.168.1.236\/?page_id=87359"},"modified":"2025-06-23T16:44:47","modified_gmt":"2025-06-23T08:44:47","slug":"news","status":"publish","type":"page","link":"https:\/\/r-b-z.de\/de\/news","title":{"rendered":"News"},"content":{"rendered":"<div data-elementor-type=\"wp-page\" data-elementor-id=\"87359\" class=\"elementor elementor-87359\" data-elementor-post-type=\"page\">\n\t\t\t\t<div class=\"elementor-element elementor-element-19b5d96 e-flex e-con-boxed e-con e-parent\" data-id=\"19b5d96\" data-element_type=\"container\">\n\t\t\t\t\t<div class=\"e-con-inner\">\n\t\t\t\t<div class=\"elementor-element elementor-element-181068b elementor-widget elementor-widget-the7-taxonomy-filter\" data-id=\"181068b\" data-element_type=\"widget\" data-widget_type=\"the7-taxonomy-filter.default\">\n\t\t\t\t<div class=\"elementor-widget-container\">\n\t\t\t\t\t<div class=\"filter-decorations without-isotope filter filter-pointer-underline filter-animation-fade\"><div class=\"filter-categories\"><a href=\"\/de\/wp-json\/wp\/v2\/pages\/87359\" class=\"show-all filter-item act\">\u5168\u90e8<\/a><a class=\"filter-item\" href=\"\/de\/wp-json\/wp\/v2\/pages\/87359?taxonomy=category&#038;term=events\" data-filter=\".category-3\">Events<\/a><\/div><\/div>\t\t\t\t<\/div>\n\t\t\t\t<\/div>\n\t\t\t\t\t<\/div>\n\t\t\t\t<\/div>\n\t\t<div class=\"elementor-element elementor-element-2ad38ea e-flex e-con-boxed e-con e-parent\" data-id=\"2ad38ea\" data-element_type=\"container\">\n\t\t\t\t\t<div class=\"e-con-inner\">\n\t\t\t\t<div class=\"elementor-element elementor-element-5f416d8 image-vertical-align-center img-align-mobile-top slide-h-position-mobile-center icon-box-vertical-align-top img-align-left preserve-img-ratio-cover slide-h-position-left elementor-widget elementor-widget-the7-elements-simple-posts\" data-id=\"5f416d8\" data-element_type=\"widget\" data-widget_type=\"the7-elements-simple-posts.default\">\n\t\t\t\t<div class=\"elementor-widget-container\">\n\t\t\t\t\t<div class=\"the7-simple-widget-posts the7-elementor-widget the7-elements-simple-posts-5f416d8 jquery-filter jquery-filter\" data-post-limit=\"-1\" data-pagination-mode=\"none\" data-scroll-offset=\"\" aria-live=\"assertive\">\t\t\t<div class=\"dt-css-grid custom-pagination-handler\" data-columns=\"{&quot;d&quot;:1,&quot;t&quot;:1,&quot;p&quot;:1,&quot;wd&quot;:&quot;&quot;}\">\n\t\t\t\t\t\t\t\t\t<div class=\"wf-cell visible\">\n\t\t\t\t\t\t<article class=\"post visible wrapper post-87416 type-post status-publish format-standard has-post-thumbnail hentry category-events category-3 description-off\">\n\n\t\t\t\t\t\t\t<div class=\"post-content-wrapper\">\n\t\t\t\t\t\t\t\t\t\t\t\t\t\t\t\t\t<div class=\"the7-simple-post-thumb\">\n\t\t\t\t\t\t\t\t\t\t<a class=\"post-thumbnail-rollover layzr-bg img-css-resize-wrapper\" aria-label=\"Post image\" href=\"https:\/\/r-b-z.de\/de\/87416.html\"><img fetchpriority=\"high\" decoding=\"async\" width=\"1080\" height=\"810\" src=\"data:image\/svg+xml,%3Csvg%20xmlns%3D&#039;http%3A%2F%2Fwww.w3.org%2F2000%2Fsvg&#039;%20viewBox%3D&#039;0%200%201080%20810&#039;%2F%3E\" class=\"attachment-full size-full preload-me aspect lazy lazy-load\" alt=\"\" sizes=\"(max-width: 1080px) 100vw, 1080px\" style=\"--ratio: 1080 \/ 810;\" data-src=\"https:\/\/r-b-z.de\/wp-content\/uploads\/2025\/05\/1746519375-\u56fe\u72476-\u538b\u7f29-\u6dfb\u52a0\u6c34\u5370.jpg\" loading=\"eager\" data-srcset=\"https:\/\/r-b-z.de\/wp-content\/uploads\/2025\/05\/1746519375-\u56fe\u72476-\u538b\u7f29-\u6dfb\u52a0\u6c34\u5370.jpg 1080w, https:\/\/r-b-z.de\/wp-content\/uploads\/2025\/05\/1746519375-\u56fe\u72476-\u538b\u7f29-\u6dfb\u52a0\u6c34\u5370-300x225.jpg 300w, https:\/\/r-b-z.de\/wp-content\/uploads\/2025\/05\/1746519375-\u56fe\u72476-\u538b\u7f29-\u6dfb\u52a0\u6c34\u5370-1024x768.jpg 1024w, https:\/\/r-b-z.de\/wp-content\/uploads\/2025\/05\/1746519375-\u56fe\u72476-\u538b\u7f29-\u6dfb\u52a0\u6c34\u5370-150x113.jpg 150w, https:\/\/r-b-z.de\/wp-content\/uploads\/2025\/05\/1746519375-\u56fe\u72476-\u538b\u7f29-\u6dfb\u52a0\u6c34\u5370-768x576.jpg 768w, https:\/\/r-b-z.de\/wp-content\/uploads\/2025\/05\/1746519375-\u56fe\u72476-\u538b\u7f29-\u6dfb\u52a0\u6c34\u5370-16x12.jpg 16w\" \/><span class=\"the7-hover-icon\"><svg xmlns=\"http:\/\/www.w3.org\/2000\/svg\" viewbox=\"0 0 24 24\" width=\"24\" height=\"24\"><path fill=\"none\" d=\"M0 0h24v24H0z\"><\/path><path d=\"M5 10c-1.1 0-2 .9-2 2s.9 2 2 2 2-.9 2-2-.9-2-2-2zm14 0c-1.1 0-2 .9-2 2s.9 2 2 2 2-.9 2-2-.9-2-2-2zm-7 0c-1.1 0-2 .9-2 2s.9 2 2 2 2-.9 2-2-.9-2-2-2z\"><\/path><\/svg><\/span><\/a>\t\t\t\t\t\t\t\t\t<\/div>\n\t\t\t\t\t\t\t\t\t\t\t\t\t\t\t\t<div class=\"post-entry-content\">\n\t\t\t\t\t\t\t\t\t<h5 class=\"heading\"><a href=\"https:\/\/r-b-z.de\/de\/87416.html\" rel=\"bookmark\" title=\"Berufsfachsch\u00fcler aus China absolvieren Studienreise im Bereich Intelligente Fertigung in Deutschland\" class=\"post-title\">Berufsfachsch\u00fcler aus China absolvieren Studienreise im Bereich Intelligente Fertigung in Deutschland<\/a><\/h5><div class=\"entry-meta\"><span class=\"meta-item category-link\"><a href=\"https:\/\/r-b-z.de\/de\/category\/events\" rel=\"tag\">Events<\/a><\/span><\/div><p class=\"short-description\">K\u00fcrzlich reiste eine Gruppe von 13 ausgew\u00e4hlten Studierenden eines chinesischen Berufsbildungsinstituts mit Schwerpunkt &hellip;<\/p>\t\t\t\t\t\t\t\t<\/div>\n\t\t\t\t\t\t\t<\/div>\n\t\t\t\t\t\t<\/article>\n\t\t\t\t\t<\/div>\t\t\t\t\t\t\t\t\t\t<div class=\"wf-cell visible\">\n\t\t\t\t\t\t<article class=\"post visible wrapper post-87414 type-post status-publish format-standard has-post-thumbnail hentry category-events category-3 description-off\">\n\n\t\t\t\t\t\t\t<div class=\"post-content-wrapper\">\n\t\t\t\t\t\t\t\t\t\t\t\t\t\t\t\t\t<div class=\"the7-simple-post-thumb\">\n\t\t\t\t\t\t\t\t\t\t<a class=\"post-thumbnail-rollover layzr-bg img-css-resize-wrapper\" aria-label=\"Post image\" href=\"https:\/\/r-b-z.de\/de\/87414.html\"><img decoding=\"async\" width=\"500\" height=\"335\" src=\"data:image\/svg+xml,%3Csvg%20xmlns%3D&#039;http%3A%2F%2Fwww.w3.org%2F2000%2Fsvg&#039;%20viewBox%3D&#039;0%200%20500%20335&#039;%2F%3E\" class=\"attachment-full size-full preload-me aspect lazy lazy-load\" alt=\"\" sizes=\"(max-width: 500px) 100vw, 500px\" style=\"--ratio: 500 \/ 335;\" data-src=\"https:\/\/r-b-z.de\/wp-content\/uploads\/2025\/05\/1746519020-\u56fe\u72474-\u6dfb\u52a0\u6c34\u5370.jpg\" loading=\"eager\" data-srcset=\"https:\/\/r-b-z.de\/wp-content\/uploads\/2025\/05\/1746519020-\u56fe\u72474-\u6dfb\u52a0\u6c34\u5370.jpg 500w, https:\/\/r-b-z.de\/wp-content\/uploads\/2025\/05\/1746519020-\u56fe\u72474-\u6dfb\u52a0\u6c34\u5370-300x201.jpg 300w, https:\/\/r-b-z.de\/wp-content\/uploads\/2025\/05\/1746519020-\u56fe\u72474-\u6dfb\u52a0\u6c34\u5370-150x101.jpg 150w, https:\/\/r-b-z.de\/wp-content\/uploads\/2025\/05\/1746519020-\u56fe\u72474-\u6dfb\u52a0\u6c34\u5370-18x12.jpg 18w\" \/><span class=\"the7-hover-icon\"><svg xmlns=\"http:\/\/www.w3.org\/2000\/svg\" viewbox=\"0 0 24 24\" width=\"24\" height=\"24\"><path fill=\"none\" d=\"M0 0h24v24H0z\"><\/path><path d=\"M5 10c-1.1 0-2 .9-2 2s.9 2 2 2 2-.9 2-2-.9-2-2-2zm14 0c-1.1 0-2 .9-2 2s.9 2 2 2 2-.9 2-2-.9-2-2-2zm-7 0c-1.1 0-2 .9-2 2s.9 2 2 2 2-.9 2-2-.9-2-2-2z\"><\/path><\/svg><\/span><\/a>\t\t\t\t\t\t\t\t\t<\/div>\n\t\t\t\t\t\t\t\t\t\t\t\t\t\t\t\t<div class=\"post-entry-content\">\n\t\t\t\t\t\t\t\t\t<h5 class=\"heading\"><a href=\"https:\/\/r-b-z.de\/de\/87414.html\" rel=\"bookmark\" title=\"Chinesisches Berufsbildungsinstitut richtet internationales Lehrzentrum in Deutschland ein\" class=\"post-title\">Chinesisches Berufsbildungsinstitut richtet internationales Lehrzentrum in Deutschland ein<\/a><\/h5><div class=\"entry-meta\"><span class=\"meta-item category-link\"><a href=\"https:\/\/r-b-z.de\/de\/category\/events\" rel=\"tag\">Events<\/a><\/span><\/div><p class=\"short-description\">K\u00fcrzlich besuchte eine Delegation eines Berufsbildungsinstituts aus Qingdao Deutschland, um die Zusammenarbeit im Bereic&hellip;<\/p>\t\t\t\t\t\t\t\t<\/div>\n\t\t\t\t\t\t\t<\/div>\n\t\t\t\t\t\t<\/article>\n\t\t\t\t\t<\/div>\t\t\t\t\t\t\t\t\t\t<div class=\"wf-cell visible\">\n\t\t\t\t\t\t<article class=\"post visible wrapper post-87352 type-post status-publish format-standard has-post-thumbnail hentry category-events category-3 description-off\">\n\n\t\t\t\t\t\t\t<div class=\"post-content-wrapper\">\n\t\t\t\t\t\t\t\t\t\t\t\t\t\t\t\t\t<div class=\"the7-simple-post-thumb\">\n\t\t\t\t\t\t\t\t\t\t<a class=\"post-thumbnail-rollover layzr-bg img-css-resize-wrapper\" aria-label=\"Post image\" href=\"https:\/\/r-b-z.de\/de\/87352.html\"><img decoding=\"async\" width=\"1200\" height=\"900\" src=\"data:image\/svg+xml,%3Csvg%20xmlns%3D&#039;http%3A%2F%2Fwww.w3.org%2F2000%2Fsvg&#039;%20viewBox%3D&#039;0%200%201200%20900&#039;%2F%3E\" class=\"attachment-full size-full preload-me aspect lazy lazy-load\" alt=\"\" sizes=\"(max-width: 1200px) 100vw, 1200px\" style=\"--ratio: 1200 \/ 900;\" data-src=\"https:\/\/r-b-z.de\/wp-content\/uploads\/2025\/04\/1746518653-\u56fe\u72473-\u6dfb\u52a0\u6c34\u5370.jpg\" loading=\"eager\" data-srcset=\"https:\/\/r-b-z.de\/wp-content\/uploads\/2025\/04\/1746518653-\u56fe\u72473-\u6dfb\u52a0\u6c34\u5370.jpg 1200w, https:\/\/r-b-z.de\/wp-content\/uploads\/2025\/04\/1746518653-\u56fe\u72473-\u6dfb\u52a0\u6c34\u5370-300x225.jpg 300w, https:\/\/r-b-z.de\/wp-content\/uploads\/2025\/04\/1746518653-\u56fe\u72473-\u6dfb\u52a0\u6c34\u5370-1024x768.jpg 1024w, https:\/\/r-b-z.de\/wp-content\/uploads\/2025\/04\/1746518653-\u56fe\u72473-\u6dfb\u52a0\u6c34\u5370-150x113.jpg 150w, https:\/\/r-b-z.de\/wp-content\/uploads\/2025\/04\/1746518653-\u56fe\u72473-\u6dfb\u52a0\u6c34\u5370-768x576.jpg 768w, https:\/\/r-b-z.de\/wp-content\/uploads\/2025\/04\/1746518653-\u56fe\u72473-\u6dfb\u52a0\u6c34\u5370-16x12.jpg 16w\" \/><span class=\"the7-hover-icon\"><svg xmlns=\"http:\/\/www.w3.org\/2000\/svg\" viewbox=\"0 0 24 24\" width=\"24\" height=\"24\"><path fill=\"none\" d=\"M0 0h24v24H0z\"><\/path><path d=\"M5 10c-1.1 0-2 .9-2 2s.9 2 2 2 2-.9 2-2-.9-2-2-2zm14 0c-1.1 0-2 .9-2 2s.9 2 2 2 2-.9 2-2-.9-2-2-2zm-7 0c-1.1 0-2 .9-2 2s.9 2 2 2 2-.9 2-2-.9-2-2-2z\"><\/path><\/svg><\/span><\/a>\t\t\t\t\t\t\t\t\t<\/div>\n\t\t\t\t\t\t\t\t\t\t\t\t\t\t\t\t<div class=\"post-entry-content\">\n\t\t\t\t\t\t\t\t\t<h5 class=\"heading\"><a href=\"https:\/\/r-b-z.de\/de\/87352.html\" rel=\"bookmark\" title=\"Delegation einer Hochschule aus Shandong erzielt wichtige Fortschritte bei Bildungskooperation in Deutschland\" class=\"post-title\">Delegation einer Hochschule aus Shandong erzielt wichtige Fortschritte bei Bildungskooperation in Deutschland<\/a><\/h5><div class=\"entry-meta\"><span class=\"meta-item category-link\"><a href=\"https:\/\/r-b-z.de\/de\/category\/events\" rel=\"tag\">Events<\/a><\/span><\/div><p class=\"short-description\">K\u00fcrzlich reiste eine Delegation unter der Leitung des stellvertretenden Parteisekret\u00e4rs und Pr\u00e4sidenten einer Hochschule&hellip;<\/p>\t\t\t\t\t\t\t\t<\/div>\n\t\t\t\t\t\t\t<\/div>\n\t\t\t\t\t\t<\/article>\n\t\t\t\t\t<\/div>\t\t\t\t\t\t\t\t\t\t<div class=\"wf-cell visible\">\n\t\t\t\t\t\t<article class=\"post visible wrapper post-1 type-post status-publish format-standard has-post-thumbnail hentry category-events category-3 description-off\">\n\n\t\t\t\t\t\t\t<div class=\"post-content-wrapper\">\n\t\t\t\t\t\t\t\t\t\t\t\t\t\t\t\t\t<div class=\"the7-simple-post-thumb\">\n\t\t\t\t\t\t\t\t\t\t<a class=\"post-thumbnail-rollover layzr-bg img-css-resize-wrapper\" aria-label=\"Post image\" href=\"https:\/\/r-b-z.de\/de\/1.html\"><img decoding=\"async\" width=\"1000\" height=\"667\" src=\"data:image\/svg+xml,%3Csvg%20xmlns%3D&#039;http%3A%2F%2Fwww.w3.org%2F2000%2Fsvg&#039;%20viewBox%3D&#039;0%200%201000%20667&#039;%2F%3E\" class=\"attachment-full size-full preload-me aspect lazy lazy-load\" alt=\"\" sizes=\"(max-width: 1000px) 100vw, 1000px\" style=\"--ratio: 1000 \/ 667;\" data-src=\"https:\/\/r-b-z.de\/wp-content\/uploads\/2025\/03\/1746517462-\u56fe\u72471-\u6dfb\u52a0\u6c34\u5370.jpg\" loading=\"eager\" data-srcset=\"https:\/\/r-b-z.de\/wp-content\/uploads\/2025\/03\/1746517462-\u56fe\u72471-\u6dfb\u52a0\u6c34\u5370.jpg 1000w, https:\/\/r-b-z.de\/wp-content\/uploads\/2025\/03\/1746517462-\u56fe\u72471-\u6dfb\u52a0\u6c34\u5370-300x200.jpg 300w, https:\/\/r-b-z.de\/wp-content\/uploads\/2025\/03\/1746517462-\u56fe\u72471-\u6dfb\u52a0\u6c34\u5370-150x100.jpg 150w, https:\/\/r-b-z.de\/wp-content\/uploads\/2025\/03\/1746517462-\u56fe\u72471-\u6dfb\u52a0\u6c34\u5370-768x512.jpg 768w, https:\/\/r-b-z.de\/wp-content\/uploads\/2025\/03\/1746517462-\u56fe\u72471-\u6dfb\u52a0\u6c34\u5370-18x12.jpg 18w\" \/><span class=\"the7-hover-icon\"><svg xmlns=\"http:\/\/www.w3.org\/2000\/svg\" viewbox=\"0 0 24 24\" width=\"24\" height=\"24\"><path fill=\"none\" d=\"M0 0h24v24H0z\"><\/path><path d=\"M5 10c-1.1 0-2 .9-2 2s.9 2 2 2 2-.9 2-2-.9-2-2-2zm14 0c-1.1 0-2 .9-2 2s.9 2 2 2 2-.9 2-2-.9-2-2-2zm-7 0c-1.1 0-2 .9-2 2s.9 2 2 2 2-.9 2-2-.9-2-2-2z\"><\/path><\/svg><\/span><\/a>\t\t\t\t\t\t\t\t\t<\/div>\n\t\t\t\t\t\t\t\t\t\t\t\t\t\t\t\t<div class=\"post-entry-content\">\n\t\t\t\t\t\t\t\t\t<h5 class=\"heading\"><a href=\"https:\/\/r-b-z.de\/de\/1.html\" rel=\"bookmark\" title=\"Delegation einer chinesischen Universit\u00e4t erzielt bedeutende Fortschritte bei Bildungskooperation in Deutschland\" class=\"post-title\">Delegation einer chinesischen Universit\u00e4t erzielt bedeutende Fortschritte bei Bildungskooperation in Deutschland<\/a><\/h5><div class=\"entry-meta\"><span class=\"meta-item category-link\"><a href=\"https:\/\/r-b-z.de\/de\/category\/events\" rel=\"tag\">Events<\/a><\/span><\/div><p class=\"short-description\">K\u00fcrzlich besuchte eine Delegation unter der Leitung des Pr\u00e4sidenten einer chinesischen Universit\u00e4t eine deutsche Hochsch&hellip;<\/p>\t\t\t\t\t\t\t\t<\/div>\n\t\t\t\t\t\t\t<\/div>\n\t\t\t\t\t\t<\/article>\n\t\t\t\t\t<\/div>\t\t\t\t\t\t\t\t<\/div>\n\t\t<\/div>\t\t\t\t<\/div>\n\t\t\t\t<\/div>\n\t\t\t\t\t<\/div>\n\t\t\t\t<\/div>\n\t\t\t\t<\/div>","protected":false},"excerpt":{"rendered":"<p>\u5168\u90e8Events Berufsfachsch\u00fcler aus China absolvieren Studie&hellip;<\/p>","protected":false},"author":1,"featured_media":87863,"parent":0,"menu_order":30,"comment_status":"closed","ping_status":"closed","template":"","meta":{"inline_featured_image":false,"footnotes":""},"class_list":["post-87359","page","type-page","status-publish","has-post-thumbnail","hentry","category-3","description-off"],"_links":{"self":[{"href":"https:\/\/r-b-z.de\/de\/wp-json\/wp\/v2\/pages\/87359","targetHints":{"allow":["GET"]}}],"collection":[{"href":"https:\/\/r-b-z.de\/de\/wp-json\/wp\/v2\/pages"}],"about":[{"href":"https:\/\/r-b-z.de\/de\/wp-json\/wp\/v2\/types\/page"}],"author":[{"embeddable":true,"href":"https:\/\/r-b-z.de\/de\/wp-json\/wp\/v2\/users\/1"}],"replies":[{"embeddable":true,"href":"https:\/\/r-b-z.de\/de\/wp-json\/wp\/v2\/comments?post=87359"}],"version-history":[{"count":34,"href":"https:\/\/r-b-z.de\/de\/wp-json\/wp\/v2\/pages\/87359\/revisions"}],"predecessor-version":[{"id":87806,"href":"https:\/\/r-b-z.de\/de\/wp-json\/wp\/v2\/pages\/87359\/revisions\/87806"}],"wp:featuredmedia":[{"embeddable":true,"href":"https:\/\/r-b-z.de\/de\/wp-json\/wp\/v2\/media\/87863"}],"wp:attachment":[{"href":"https:\/\/r-b-z.de\/de\/wp-json\/wp\/v2\/media?parent=87359"}],"curies":[{"name":"wp","href":"https:\/\/api.w.org\/{rel}","templated":true}]}}