{"id":87394,"date":"2025-06-13T12:46:42","date_gmt":"2025-06-13T04:46:42","guid":{"rendered":"http:\/\/192.168.1.236\/?page_id=87394"},"modified":"2025-08-19T15:13:19","modified_gmt":"2025-08-19T07:13:19","slug":"core-service","status":"publish","type":"page","link":"https:\/\/r-b-z.de\/de\/core-service","title":{"rendered":"Dienstleistungen"},"content":{"rendered":"<div data-elementor-type=\"wp-page\" data-elementor-id=\"87394\" class=\"elementor elementor-87394\" data-elementor-post-type=\"page\">\n\t\t\t\t<div class=\"elementor-element elementor-element-9045f45 e-con-full e-flex e-con e-parent\" data-id=\"9045f45\" data-element_type=\"container\">\n\t\t<div class=\"elementor-element elementor-element-b649fc4 e-flex e-con-boxed e-con e-child\" data-id=\"b649fc4\" data-element_type=\"container\">\n\t\t\t\t\t<div class=\"e-con-inner\">\n\t\t\t\t<div class=\"elementor-element elementor-element-8130607 elementor-widget elementor-widget-text-editor\" data-id=\"8130607\" data-element_type=\"widget\" data-widget_type=\"text-editor.default\">\n\t\t\t\t<div class=\"elementor-widget-container\">\n\t\t\t\t\t\t\t\t\t<pre>Das RBZ Rhein ist eine Fachinstitution f\u00fcr die deutsch-chinesische Zusammenarbeit in der Berufsbildung und Teil der deutschen AERY Bildungsgruppe. Seit seiner Gr\u00fcndung setzt sich das Zentrum konsequent f\u00fcr die Vertiefung der Kooperation zwischen China und Deutschland in der beruflichen Bildung und verwandten Bereichen ein. Als Branchenma\u00dfstab verfolgt das Zentrum die Mission \u201eStandards vernetzen, Talente bef\u00e4higen, Industrien vorantreiben\u201c und bietet umfassende Dienstleistungen in drei Kernbereichen: Einf\u00fchrung des deutschen Berufsbildungssystems, Internationalisierung chinesischer Berufsbildungsmarken und passgenaue Vermittlung dualer Ausbildungspl\u00e4tze.\nIm Bereich der Einf\u00fchrung des deutschen Berufsbildungssystems hat das Zentrum erfolgreich das IHK-Qualifizierungssystem implementiert und arbeitet mit deutschen Hochschulen f\u00fcr angewandte Wissenschaften sowie Branchenverb\u00e4nden an der Entwicklung lokalisierter Lehrpl\u00e4ne, mit besonderem Fokus auf Engpassberufe wie Mechatronik und Pflege. Dar\u00fcber hinaus organisiert das Zentrum die Ausbildung von Lehrkr\u00e4ften, entsendet Experten nach China und unterst\u00fctzt chinesische Bildungseinrichtungen beim Aufbau dualer Lehrkr\u00e4fte.\nIm Bereich der Internationalisierung chinesischer Berufsbildungsmarken f\u00f6rdert das Zentrum die gegenseitige Anerkennung von Berufsabschl\u00fcssen zwischen China und Deutschland, unterst\u00fctzt chinesische Berufsschulen bei der Gr\u00fcndung von Zweigstellen in Deutschland und exportiert die beruflichen Ausbildungsstandards von Chinas Schl\u00fcsselindustrien nach Deutschland.\nIm Bereich der Vermittlung dualer Ausbildungspl\u00e4tze baut das Zentrum auf ein starkes Netzwerk deutscher Unternehmen, entwickelt einen Pool an Ausbildungspl\u00e4tzen, stellt konforme Ausbildungsangebote bereit und erreicht durch den ganzheitlichen Service \u201eintensives Deutschtraining + Br\u00fcckenkurse + Interview-Coaching\u201c eine hohe Vermittlungsquote.\nDas Zentrum integriert Politik-, Industrie- und Bildungsressourcen und entwickelt sich zu einer wichtigen Plattform zur F\u00f6rderung des globalen Austauschs von Fachkr\u00e4ften.<\/pre>\t\t\t\t\t\t\t\t<\/div>\n\t\t\t\t<\/div>\n\t\t\t\t\t<\/div>\n\t\t\t\t<\/div>\n\t\t\t\t<div class=\"elementor-element elementor-element-a807cad elementor-widget elementor-widget-spacer\" data-id=\"a807cad\" data-element_type=\"widget\" data-widget_type=\"spacer.default\">\n\t\t\t\t<div class=\"elementor-widget-container\">\n\t\t\t\t\t\t\t<div class=\"elementor-spacer\">\n\t\t\t<div class=\"elementor-spacer-inner\"><\/div>\n\t\t<\/div>\n\t\t\t\t\t\t<\/div>\n\t\t\t\t<\/div>\n\t\t\t\t<\/div>\n\t\t<div class=\"elementor-element elementor-element-04ab008 e-flex e-con-boxed e-con e-parent\" data-id=\"04ab008\" data-element_type=\"container\">\n\t\t\t\t\t<div class=\"e-con-inner\">\n\t\t<div class=\"elementor-element elementor-element-15d6970 e-con-full e-flex e-con e-child\" data-id=\"15d6970\" data-element_type=\"container\">\n\t\t\t\t<div class=\"elementor-element elementor-element-a667d21 elementor-widget elementor-widget-the7-heading\" data-id=\"a667d21\" data-element_type=\"widget\" data-widget_type=\"the7-heading.default\">\n\t\t\t\t<div class=\"elementor-widget-container\">\n\t\t\t\t\t<h2 class=\"the7-heading-title elementor-size-default\">Deutsch-chinesische Integration beruflicher Bildung<\/h2>\t\t\t\t<\/div>\n\t\t\t\t<\/div>\n\t\t\t\t<div class=\"elementor-element elementor-element-bb9a431 elementor-widget elementor-widget-text-editor\" data-id=\"bb9a431\" data-element_type=\"widget\" data-widget_type=\"text-editor.default\">\n\t\t\t\t<div class=\"elementor-widget-container\">\n\t\t\t\t\t\t\t\t\t<pre>Wir f\u00f6rdern die nachhaltige Integration der deutschen Berufsbildungsstandards in China durch ein umfassendes Dienstleistungsmodell: Einf\u00fchrung von IHK-\/HWK-Zertifizierungen, Aufbau anerkannter Pr\u00fcfzentren, Entwicklung dual qualifizierter Ausbilder:innen und lokalisierte Curriculumentwicklung in Kooperation mit deutschen Berufsschulen. Unser Ziel: ein bidirektionales System, das internationale Qualit\u00e4t mit lokaler Relevanz vereint.<\/pre>\t\t\t\t\t\t\t\t<\/div>\n\t\t\t\t<\/div>\n\t\t\t\t<\/div>\n\t\t<div class=\"elementor-element elementor-element-1c94fbf e-con-full e-flex e-con e-child\" data-id=\"1c94fbf\" data-element_type=\"container\">\n\t\t\t\t<div class=\"elementor-element elementor-element-5ac51e7 content-align-left the7-hover-visibility-disabled transform-overlay-yes exceeding-frame-yes elementor-widget elementor-widget-the7-image-widget\" data-id=\"5ac51e7\" data-element_type=\"widget\" data-settings=\"{&quot;hover_visibility&quot;:&quot;disabled&quot;}\" data-widget_type=\"the7-image-widget.default\">\n\t\t\t\t<div class=\"elementor-widget-container\">\n\t\t\t\t\t<div class=\"the7-image-container\"><div class=\"the7-image-wrapper the7-elementor-widget the7-transform-container\"><div class=\"post-thumbnail-rollover layzr-bg img-css-resize-wrapper\"><img fetchpriority=\"high\" decoding=\"async\" width=\"2000\" height=\"1241\" src=\"data:image\/svg+xml,%3Csvg%20xmlns%3D&#039;http%3A%2F%2Fwww.w3.org%2F2000%2Fsvg&#039;%20viewBox%3D&#039;0%200%202000%201241&#039;%2F%3E\" class=\"attachment-full size-full preload-me aspect lazy lazy-load\" alt=\"\" sizes=\"(max-width: 2000px) 100vw, 2000px\" style=\"--ratio: 2000 \/ 1241;\" data-src=\"https:\/\/r-b-z.de\/wp-content\/uploads\/2025\/06\/1750736677-pexels-dothanhyb-5530454.jpg\" loading=\"eager\" data-srcset=\"https:\/\/r-b-z.de\/wp-content\/uploads\/2025\/06\/1750736677-pexels-dothanhyb-5530454.jpg 2000w, https:\/\/r-b-z.de\/wp-content\/uploads\/2025\/06\/1750736677-pexels-dothanhyb-5530454-300x186.jpg 300w, https:\/\/r-b-z.de\/wp-content\/uploads\/2025\/06\/1750736677-pexels-dothanhyb-5530454-1024x635.jpg 1024w, https:\/\/r-b-z.de\/wp-content\/uploads\/2025\/06\/1750736677-pexels-dothanhyb-5530454-150x93.jpg 150w, https:\/\/r-b-z.de\/wp-content\/uploads\/2025\/06\/1750736677-pexels-dothanhyb-5530454-768x477.jpg 768w, https:\/\/r-b-z.de\/wp-content\/uploads\/2025\/06\/1750736677-pexels-dothanhyb-5530454-1536x953.jpg 1536w, https:\/\/r-b-z.de\/wp-content\/uploads\/2025\/06\/1750736677-pexels-dothanhyb-5530454-18x12.jpg 18w\" \/><\/div><\/div><\/div>\t\t\t\t<\/div>\n\t\t\t\t<\/div>\n\t\t\t\t<\/div>\n\t\t\t\t\t<\/div>\n\t\t\t\t<\/div>\n\t\t<div class=\"elementor-element elementor-element-8416f4f e-flex e-con-boxed e-con e-parent\" data-id=\"8416f4f\" data-element_type=\"container\">\n\t\t\t\t\t<div class=\"e-con-inner\">\n\t\t<div class=\"elementor-element elementor-element-4424cc7 e-con-full e-flex e-con e-child\" data-id=\"4424cc7\" data-element_type=\"container\">\n\t\t\t\t<div class=\"elementor-element elementor-element-8039419 content-align-left the7-hover-visibility-disabled transform-overlay-yes exceeding-frame-yes elementor-widget elementor-widget-the7-image-widget\" data-id=\"8039419\" data-element_type=\"widget\" data-settings=\"{&quot;hover_visibility&quot;:&quot;disabled&quot;}\" data-widget_type=\"the7-image-widget.default\">\n\t\t\t\t<div class=\"elementor-widget-container\">\n\t\t\t\t\t<div class=\"the7-image-container\"><div class=\"the7-image-wrapper the7-elementor-widget the7-transform-container\"><div class=\"post-thumbnail-rollover layzr-bg img-css-resize-wrapper\"><img decoding=\"async\" width=\"1920\" height=\"1281\" src=\"data:image\/svg+xml,%3Csvg%20xmlns%3D&#039;http%3A%2F%2Fwww.w3.org%2F2000%2Fsvg&#039;%20viewBox%3D&#039;0%200%201920%201281&#039;%2F%3E\" class=\"attachment-full size-full preload-me aspect lazy lazy-load\" alt=\"\" sizes=\"(max-width: 1920px) 100vw, 1920px\" style=\"--ratio: 1920 \/ 1281;\" data-src=\"https:\/\/r-b-z.de\/wp-content\/uploads\/2025\/05\/1746521009-2-3184328.jpg\" loading=\"eager\" data-srcset=\"https:\/\/r-b-z.de\/wp-content\/uploads\/2025\/05\/1746521009-2-3184328.jpg 1920w, https:\/\/r-b-z.de\/wp-content\/uploads\/2025\/05\/1746521009-2-3184328-300x200.jpg 300w, https:\/\/r-b-z.de\/wp-content\/uploads\/2025\/05\/1746521009-2-3184328-1024x683.jpg 1024w, https:\/\/r-b-z.de\/wp-content\/uploads\/2025\/05\/1746521009-2-3184328-150x100.jpg 150w, https:\/\/r-b-z.de\/wp-content\/uploads\/2025\/05\/1746521009-2-3184328-768x512.jpg 768w, https:\/\/r-b-z.de\/wp-content\/uploads\/2025\/05\/1746521009-2-3184328-1536x1025.jpg 1536w, https:\/\/r-b-z.de\/wp-content\/uploads\/2025\/05\/1746521009-2-3184328-18x12.jpg 18w\" \/><\/div><\/div><\/div>\t\t\t\t<\/div>\n\t\t\t\t<\/div>\n\t\t\t\t<\/div>\n\t\t<div class=\"elementor-element elementor-element-cf71d5f e-con-full e-flex e-con e-child\" data-id=\"cf71d5f\" data-element_type=\"container\">\n\t\t\t\t<div class=\"elementor-element elementor-element-3f5b8db elementor-widget elementor-widget-the7-heading\" data-id=\"3f5b8db\" data-element_type=\"widget\" data-widget_type=\"the7-heading.default\">\n\t\t\t\t<div class=\"elementor-widget-container\">\n\t\t\t\t\t<h2 class=\"the7-heading-title elementor-size-default\">Chinesische Berufsbildung im Ausland<\/h2>\t\t\t\t<\/div>\n\t\t\t\t<\/div>\n\t\t\t\t<div class=\"elementor-element elementor-element-838352e elementor-widget elementor-widget-text-editor\" data-id=\"838352e\" data-element_type=\"widget\" data-widget_type=\"text-editor.default\">\n\t\t\t\t<div class=\"elementor-widget-container\">\n\t\t\t\t\t\t\t\t\t<pre><br \/>Im Rahmen der \u201eBelt and Road\u201c-Initiative schaffen wir ein integriertes System f\u00fcr die internationale Kooperation in der chinesischen Berufsbildung. Mit dem Aufbau von Ausbildungszentren im Ausland, der Entwicklung zweisprachiger Curricula und der gemeinsamen Ausbildung von Lehrkr\u00e4ften mit deutschen Partnern setzen wir chinesische Bildungsstandards weltweit um. Dies f\u00f6rdert die internationale Zusammenarbeit und st\u00e4rkt das Netzwerk von Hochschulen und Unternehmen, um ein nachhaltiges, zirkul\u00e4res Bildungs\u00f6kosystem zu entwickeln.<\/pre>\t\t\t\t\t\t\t\t<\/div>\n\t\t\t\t<\/div>\n\t\t\t\t<\/div>\n\t\t\t\t\t<\/div>\n\t\t\t\t<\/div>\n\t\t<div class=\"elementor-element elementor-element-6205759 e-flex e-con-boxed e-con e-parent\" data-id=\"6205759\" data-element_type=\"container\">\n\t\t\t\t\t<div class=\"e-con-inner\">\n\t\t<div class=\"elementor-element elementor-element-a03b91d e-con-full e-flex e-con e-child\" data-id=\"a03b91d\" data-element_type=\"container\">\n\t\t\t\t<div class=\"elementor-element elementor-element-97f818a elementor-widget elementor-widget-the7-heading\" data-id=\"97f818a\" data-element_type=\"widget\" data-widget_type=\"the7-heading.default\">\n\t\t\t\t<div class=\"elementor-widget-container\">\n\t\t\t\t\t<h2 class=\"the7-heading-title elementor-size-default\">Pr\u00e4zise Talentvermittlung<\/h2>\t\t\t\t<\/div>\n\t\t\t\t<\/div>\n\t\t\t\t<div class=\"elementor-element elementor-element-4fc898f elementor-widget elementor-widget-text-editor\" data-id=\"4fc898f\" data-element_type=\"widget\" data-widget_type=\"text-editor.default\">\n\t\t\t\t<div class=\"elementor-widget-container\">\n\t\t\t\t\t\t\t\t\t<pre>Unsere Plattform f\u00fcr die pr\u00e4zise Vermittlung von hochqualifizierten Talenten bietet ma\u00dfgeschneiderte L\u00f6sungen f\u00fcr die berufliche Integration von chinesischen Fachkr\u00e4ften in den deutschen Arbeitsmarkt. Durch die Kombination von Deutschunterricht, Fachtraining und einer effektiven Vermittlung in duale Ausbildungspl\u00e4tze erm\u00f6glichen wir eine schnelle und erfolgreiche Integration in deutsche Unternehmen. Wir bieten umfassende Unterst\u00fctzung bei Visa, Unterkunft und beruflicher Entwicklung, um eine risikofreie, gewinnbringende Karriere im deutschen dualen Ausbildungssystem zu garantieren.<\/pre>\t\t\t\t\t\t\t\t<\/div>\n\t\t\t\t<\/div>\n\t\t\t\t<\/div>\n\t\t<div class=\"elementor-element elementor-element-b290bcd e-con-full e-flex e-con e-child\" data-id=\"b290bcd\" data-element_type=\"container\">\n\t\t\t\t<div class=\"elementor-element elementor-element-b827fe8 content-align-left the7-hover-visibility-disabled transform-overlay-yes exceeding-frame-yes elementor-widget elementor-widget-the7-image-widget\" data-id=\"b827fe8\" data-element_type=\"widget\" data-settings=\"{&quot;hover_visibility&quot;:&quot;disabled&quot;}\" data-widget_type=\"the7-image-widget.default\">\n\t\t\t\t<div class=\"elementor-widget-container\">\n\t\t\t\t\t<div class=\"the7-image-container\"><div class=\"the7-image-wrapper the7-elementor-widget the7-transform-container\"><div class=\"post-thumbnail-rollover layzr-bg img-css-resize-wrapper\"><img decoding=\"async\" width=\"1920\" height=\"1281\" src=\"data:image\/svg+xml,%3Csvg%20xmlns%3D&#039;http%3A%2F%2Fwww.w3.org%2F2000%2Fsvg&#039;%20viewBox%3D&#039;0%200%201920%201281&#039;%2F%3E\" class=\"attachment-full size-full preload-me aspect lazy lazy-load\" alt=\"\" sizes=\"(max-width: 1920px) 100vw, 1920px\" style=\"--ratio: 1920 \/ 1281;\" data-src=\"https:\/\/r-b-z.de\/wp-content\/uploads\/2025\/05\/1746521009-2-3184328.jpg\" loading=\"eager\" data-srcset=\"https:\/\/r-b-z.de\/wp-content\/uploads\/2025\/05\/1746521009-2-3184328.jpg 1920w, https:\/\/r-b-z.de\/wp-content\/uploads\/2025\/05\/1746521009-2-3184328-300x200.jpg 300w, https:\/\/r-b-z.de\/wp-content\/uploads\/2025\/05\/1746521009-2-3184328-1024x683.jpg 1024w, https:\/\/r-b-z.de\/wp-content\/uploads\/2025\/05\/1746521009-2-3184328-150x100.jpg 150w, https:\/\/r-b-z.de\/wp-content\/uploads\/2025\/05\/1746521009-2-3184328-768x512.jpg 768w, https:\/\/r-b-z.de\/wp-content\/uploads\/2025\/05\/1746521009-2-3184328-1536x1025.jpg 1536w, https:\/\/r-b-z.de\/wp-content\/uploads\/2025\/05\/1746521009-2-3184328-18x12.jpg 18w\" \/><\/div><\/div><\/div>\t\t\t\t<\/div>\n\t\t\t\t<\/div>\n\t\t\t\t<\/div>\n\t\t\t\t\t<\/div>\n\t\t\t\t<\/div>\n\t\t<div class=\"elementor-element elementor-element-aac4720 e-flex e-con-boxed e-con e-parent\" data-id=\"aac4720\" data-element_type=\"container\" data-settings=\"{&quot;background_background&quot;:&quot;classic&quot;}\">\n\t\t\t\t\t<div class=\"e-con-inner\">\n\t\t<div class=\"elementor-element elementor-element-1ee0e1e e-con-full e-flex e-con e-child\" data-id=\"1ee0e1e\" data-element_type=\"container\">\n\t\t\t\t<div class=\"elementor-element elementor-element-5e87cdd elementor-widget__width-initial content-align-center icon-position-left icon-vertical-align-start elementor-widget elementor-widget-the7_icon_box_grid_widget\" data-id=\"5e87cdd\" data-element_type=\"widget\" data-widget_type=\"the7_icon_box_grid_widget.default\">\n\t\t\t\t<div class=\"elementor-widget-container\">\n\t\t\t\t\t<div class=\"the7-box-grid-wrapper the7-elementor-widget loading-effect-none the7_icon_box_grid_widget-5e87cdd\">\t\t\t<div class=\"dt-css-grid\">\n\t\t\t\t\t\t\t\t\t<div class=\"wf-cell shown\">\n\t\t\t\t\t\t<div class=\"the7-icon-box-grid\">\t\t\t\t\t\t\t<div class=\"box-content-wrapper\">\n\t\t\t\t\t\t\t\t\t\t\t\t\t\t\t\t<div class=\"box-content\">\n\t\t\t\t\t\t\t\t\t\t\t\t\t\t\t\t\t\t\t\t\t\t\t\t\t\t\t\t\t<h4 class=\"box-heading\">\n\t\t\t\t\t\t\t\t\t\t\t<a aria-label=\"Bei Fragen k\u00f6nnen Sie uns jederzeit kontaktieren\">\t\t\t\t\t\t\t\t\t\t\t\tBei Fragen k\u00f6nnen Sie uns jederzeit kontaktieren\t\t\t\t\t\t\t\t\t\t\t<\/a>\t\t\t\t\t\t\t\t\t\t<\/h4>\n\t\t\t\t\t\t\t\t\t\t\t\t\t\t\t\t\t\t\t\t\t\t\t\t\t\t\t\t<div class=\"box-description\">E-Mail\uff1abuchhaltung@r-b-z.de<\/div>\n\t\t\t\t\t\t\t\t\t\t\t\t\t\t\t\t\t\t\t\t\t\t\t\t\t\t<\/div>\n\t\t\t\t\t\t\t<\/div>\n\t\t\t\t\t\t<\/div>\t\t\t\t\t<\/div>\n\t\t\t\t\t\t\t<\/div>\n\t\t<\/div>\t\t\t\t<\/div>\n\t\t\t\t<\/div>\n\t\t\t\t<\/div>\n\t\t<div class=\"elementor-element elementor-element-99ea27b e-con-full e-flex e-con e-child\" data-id=\"99ea27b\" data-element_type=\"container\">\n\t\t\t\t<div class=\"elementor-element elementor-element-5a115f3 elementor-widget elementor-widget-the7_button_widget\" data-id=\"5a115f3\" data-element_type=\"widget\" data-widget_type=\"the7_button_widget.default\">\n\t\t\t\t<div class=\"elementor-widget-container\">\n\t\t\t\t\t<div class=\"elementor-button-wrapper\"><a href=\"#elementor-action%3Aaction%3Dpopup%3Aopen%26settings%3DeyJpZCI6Ijg1ODY1IiwidG9nZ2xlIjpmYWxzZX0%3D\" class=\"box-button elementor-button elementor-size-xl\">KONTAKTIEREN SIE UNS JETZT<\/a><\/div>\t\t\t\t<\/div>\n\t\t\t\t<\/div>\n\t\t\t\t<\/div>\n\t\t\t\t\t<\/div>\n\t\t\t\t<\/div>\n\t\t\t\t<\/div>","protected":false},"excerpt":{"rendered":"<p>RBZ\u83b1\u8335\u6559\u80b2\u4e2d\u5fc3\u662f\u5fb7\u56fdAERY\u6559\u80b2\u96c6\u56e2\u65d7\u4e0b\u7684\u4e2d\u5fb7\u804c\u4e1a\u6559\u80b2\u5408\u4f5c\u4e13\u4e1a\u673a\u6784\uff0c\u81ea\u6210\u7acb\u4ee5\u6765\uff0c\u59cb\u7ec8\u81f4\u529b\u4e8e\u63a8\u52a8\u4e2d\u5fb7\u4e24\u56fd\u5728\u804c&hellip;<\/p>","protected":false},"author":1,"featured_media":87422,"parent":0,"menu_order":20,"comment_status":"closed","ping_status":"closed","template":"","meta":{"inline_featured_image":false,"footnotes":""},"class_list":["post-87394","page","type-page","status-publish","has-post-thumbnail","hentry"],"_links":{"self":[{"href":"https:\/\/r-b-z.de\/de\/wp-json\/wp\/v2\/pages\/87394","targetHints":{"allow":["GET"]}}],"collection":[{"href":"https:\/\/r-b-z.de\/de\/wp-json\/wp\/v2\/pages"}],"about":[{"href":"https:\/\/r-b-z.de\/de\/wp-json\/wp\/v2\/types\/page"}],"author":[{"embeddable":true,"href":"https:\/\/r-b-z.de\/de\/wp-json\/wp\/v2\/users\/1"}],"replies":[{"embeddable":true,"href":"https:\/\/r-b-z.de\/de\/wp-json\/wp\/v2\/comments?post=87394"}],"version-history":[{"count":127,"href":"https:\/\/r-b-z.de\/de\/wp-json\/wp\/v2\/pages\/87394\/revisions"}],"predecessor-version":[{"id":88062,"href":"https:\/\/r-b-z.de\/de\/wp-json\/wp\/v2\/pages\/87394\/revisions\/88062"}],"wp:featuredmedia":[{"embeddable":true,"href":"https:\/\/r-b-z.de\/de\/wp-json\/wp\/v2\/media\/87422"}],"wp:attachment":[{"href":"https:\/\/r-b-z.de\/de\/wp-json\/wp\/v2\/media?parent=87394"}],"curies":[{"name":"wp","href":"https:\/\/api.w.org\/{rel}","templated":true}]}}