{"id":87606,"date":"2025-06-19T14:46:04","date_gmt":"2025-06-19T06:46:04","guid":{"rendered":"http:\/\/192.168.1.236\/?page_id=87606"},"modified":"2025-06-24T14:57:48","modified_gmt":"2025-06-24T06:57:48","slug":"national-policy-support","status":"publish","type":"page","link":"https:\/\/r-b-z.de\/de\/national-policy-support","title":{"rendered":"Politische Unterst\u00fctzung"},"content":{"rendered":"<div data-elementor-type=\"wp-page\" data-elementor-id=\"87606\" class=\"elementor elementor-87606\" data-elementor-post-type=\"page\">\n\t\t\t\t<div class=\"elementor-element elementor-element-cf9021c e-flex e-con-boxed e-con e-parent\" data-id=\"cf9021c\" data-element_type=\"container\">\n\t\t\t\t\t<div class=\"e-con-inner\">\n\t\t\t\t<div class=\"elementor-element elementor-element-46e35d7 elementor-widget elementor-widget-text-editor\" data-id=\"46e35d7\" data-element_type=\"widget\" data-widget_type=\"text-editor.default\">\n\t\t\t\t<div class=\"elementor-widget-container\">\n\t\t\t\t\t\t\t\t\t<p>In den letzten Jahren hat die chinesische Regierung die berufliche Bildung zu einem strategischen Schwerpunkt erkl\u00e4rt, um den wirtschaftlichen Strukturwandel zu f\u00f6rdern und qualifizierte Fachkr\u00e4fte f\u00fcr eine moderne Industriegesellschaft auszubilden. Im Zentrum dieser Bem\u00fchungen steht die tiefgreifende Reform des Berufsbildungssystems \u2013 mit einem klaren Fokus auf international bew\u00e4hrte Modelle wie das deutsche duale System.<\/p>\t\t\t\t\t\t\t\t<\/div>\n\t\t\t\t<\/div>\n\t\t\t\t\t<\/div>\n\t\t\t\t<\/div>\n\t\t<div class=\"elementor-element elementor-element-3f75c4d e-flex e-con-boxed e-con e-parent\" data-id=\"3f75c4d\" data-element_type=\"container\">\n\t\t\t\t\t<div class=\"e-con-inner\">\n\t\t\t\t<div class=\"elementor-element elementor-element-74ab02b elementor-widget elementor-widget-text-editor\" data-id=\"74ab02b\" data-element_type=\"widget\" data-widget_type=\"text-editor.default\">\n\t\t\t\t<div class=\"elementor-widget-container\">\n\t\t\t\t\t\t\t\t\t<p>Durch eine umfassende staatliche Steuerung, gezielte politische Impulse und internationale Kooperationen wird die \u00dcbertragung und Anpassung des deutschen Modells in China aktiv vorangetrieben. Ziel ist es, eine engere Verzahnung von Bildung und Wirtschaft zu erreichen und die Ausbildungsqualit\u00e4t praxisnah weiterzuentwickeln.<\/p>\t\t\t\t\t\t\t\t<\/div>\n\t\t\t\t<\/div>\n\t\t\t\t\t<\/div>\n\t\t\t\t<\/div>\n\t\t<div class=\"elementor-element elementor-element-6c369d0 e-flex e-con-boxed e-con e-parent\" data-id=\"6c369d0\" data-element_type=\"container\">\n\t\t\t\t\t<div class=\"e-con-inner\">\n\t\t\t\t<div class=\"elementor-element elementor-element-a645438 elementor-widget elementor-widget-text-editor\" data-id=\"a645438\" data-element_type=\"widget\" data-widget_type=\"text-editor.default\">\n\t\t\t\t<div class=\"elementor-widget-container\">\n\t\t\t\t\t\t\t\t\t<p>Politisch wurde der Reformkurs durch zentrale Strategiepapiere wie den \u201eAktionsplan zur Reform der beruflichen Bildung\u201c unterstrichen. Darin wird eine enge Zusammenarbeit zwischen Berufsschulen und Unternehmen gefordert, unter anderem durch die Einf\u00fchrung moderner Ausbildungsformate wie dem dualen System oder dem betrieblich gepr\u00e4gten \u201emodernen Lehrlingssystem\u201c. Auch das im Jahr 2021 ver\u00f6ffentlichte Grundsatzpapier \u201eMeinungen zur hochwertigen Entwicklung der beruflichen Bildung\u201c betont die Notwendigkeit internationaler Kooperationen und stellt die Weichen f\u00fcr eine systematische Integration internationaler Standards in die chinesische Berufsbildung.<\/p>\t\t\t\t\t\t\t\t<\/div>\n\t\t\t\t<\/div>\n\t\t\t\t\t<\/div>\n\t\t\t\t<\/div>\n\t\t<div class=\"elementor-element elementor-element-651667f e-flex e-con-boxed e-con e-parent\" data-id=\"651667f\" data-element_type=\"container\">\n\t\t\t\t\t<div class=\"e-con-inner\">\n\t\t\t\t<div class=\"elementor-element elementor-element-81f4cbb elementor-widget elementor-widget-text-editor\" data-id=\"81f4cbb\" data-element_type=\"widget\" data-widget_type=\"text-editor.default\">\n\t\t\t\t<div class=\"elementor-widget-container\">\n\t\t\t\t\t\t\t\t\t<p>Ein bedeutender Pfeiler dieser Entwicklung ist die deutsch-chinesische Zusammenarbeit im Bereich der beruflichen Bildung. Im Rahmen von Regierungsinitiativen wie dem \u201eSino-German Vocational Education Cooperation Project\u201c arbeiten chinesische Berufsschulen eng mit deutschen Unternehmen, Branchenverb\u00e4nden und Bildungstr\u00e4gern zusammen, um praxisnahe Ausbildungsg\u00e4nge zu gestalten. Projekte wie die \u201eLuban Workshops\u201c f\u00f6rdern zudem den internationalen Austausch von Fachkr\u00e4ften und bilden auch im Ausland \u2013 etwa in Afrika \u2013 einen Br\u00fcckenschlag zwischen Theorie und Praxis.<\/p>\t\t\t\t\t\t\t\t<\/div>\n\t\t\t\t<\/div>\n\t\t\t\t\t<\/div>\n\t\t\t\t<\/div>\n\t\t<div class=\"elementor-element elementor-element-d1ab321 e-flex e-con-boxed e-con e-parent\" data-id=\"d1ab321\" data-element_type=\"container\">\n\t\t\t\t\t<div class=\"e-con-inner\">\n\t\t\t\t<div class=\"elementor-element elementor-element-e3cf66d elementor-widget elementor-widget-text-editor\" data-id=\"e3cf66d\" data-element_type=\"widget\" data-widget_type=\"text-editor.default\">\n\t\t\t\t<div class=\"elementor-widget-container\">\n\t\t\t\t\t\t\t\t\t<p>Auch auf institutioneller Ebene wird das chinesische Berufsbildungssystem zunehmend auf das duale Modell ausgerichtet. Lehrpl\u00e4ne werden flexibilisiert und an berufliche Kompetenzen angepasst, moderne, modulare Lernmaterialien entwickelt und deutsche Industriestandards in die Qualifikationsanforderungen integriert. Dadurch entsteht ein anwendungsnahes Ausbildungssystem, das st\u00e4rker auf die Bed\u00fcrfnisse der Wirtschaft reagiert.<\/p>\t\t\t\t\t\t\t\t<\/div>\n\t\t\t\t<\/div>\n\t\t\t\t\t<\/div>\n\t\t\t\t<\/div>\n\t\t<div class=\"elementor-element elementor-element-d149e20 e-flex e-con-boxed e-con e-parent\" data-id=\"d149e20\" data-element_type=\"container\">\n\t\t\t\t\t<div class=\"e-con-inner\">\n\t\t\t\t<div class=\"elementor-element elementor-element-2a9d8ee elementor-widget elementor-widget-the7-heading\" data-id=\"2a9d8ee\" data-element_type=\"widget\" data-widget_type=\"the7-heading.default\">\n\t\t\t\t<div class=\"elementor-widget-container\">\n\t\t\t\t\t<h2 class=\"the7-heading-title elementor-size-default\">\u56fd\u5bb6\u653f\u7b56\u652f\u6301\u5b98\u65b9\u94fe\u63a5\uff1a<\/h2>\t\t\t\t<\/div>\n\t\t\t\t<\/div>\n\t\t<div class=\"elementor-element elementor-element-9f08a5a e-con-full e-flex e-con e-child\" data-id=\"9f08a5a\" data-element_type=\"container\">\n\t\t\t\t<div class=\"elementor-element elementor-element-5ed8366 elementor-widget elementor-widget-text-editor\" data-id=\"5ed8366\" data-element_type=\"widget\" data-widget_type=\"text-editor.default\">\n\t\t\t\t<div class=\"elementor-widget-container\">\n\t\t\t\t\t\t\t\t\t<p>1\u3001\u4e2d\u5171\u4e2d\u592e\u529e\u516c\u5385\u300a\u56fd\u52a1\u9662\u5173\u4e8e\u5370\u53d1\u56fd\u5bb6\u804c\u4e1a\u6559\u80b2\u6539\u9769\u5b9e\u65bd\u65b9\u6848\u7684\u901a\u77e5\u300b<\/p>\t\t\t\t\t\t\t\t<\/div>\n\t\t\t\t<\/div>\n\t\t\t\t<div class=\"elementor-element elementor-element-f5e6a98 elementor-widget elementor-widget-the7_button_widget\" data-id=\"f5e6a98\" data-element_type=\"widget\" data-widget_type=\"the7_button_widget.default\">\n\t\t\t\t<div class=\"elementor-widget-container\">\n\t\t\t\t\t<div class=\"elementor-button-wrapper\"><a href=\"https:\/\/www.gov.cn\/zhengce\/content\/2019-02\/13\/content_5365341.htm\" class=\"box-button elementor-button elementor-size-xs\">Mehr erfahren<\/a><\/div>\t\t\t\t<\/div>\n\t\t\t\t<\/div>\n\t\t\t\t<\/div>\n\t\t<div class=\"elementor-element elementor-element-ecaa948 e-con-full e-flex e-con e-child\" data-id=\"ecaa948\" data-element_type=\"container\">\n\t\t\t\t<div class=\"elementor-element elementor-element-a1c68ed elementor-widget elementor-widget-text-editor\" data-id=\"a1c68ed\" data-element_type=\"widget\" data-widget_type=\"text-editor.default\">\n\t\t\t\t<div class=\"elementor-widget-container\">\n\t\t\t\t\t\t\t\t\t<p>2\u3001\u4e2d\u5171\u4e2d\u592e\u529e\u516c\u5385 \u56fd\u52a1\u9662\u529e\u516c\u5385\u5370\u53d1\u300a\u5173\u4e8e\u63a8\u52a8\u73b0\u4ee3\u804c\u4e1a\u6559\u80b2\u9ad8\u8d28\u91cf\u53d1\u5c55\u7684\u610f\u89c1\u300b<\/p>\t\t\t\t\t\t\t\t<\/div>\n\t\t\t\t<\/div>\n\t\t\t\t<div class=\"elementor-element elementor-element-9f9c39a elementor-widget elementor-widget-the7_button_widget\" data-id=\"9f9c39a\" data-element_type=\"widget\" data-widget_type=\"the7_button_widget.default\">\n\t\t\t\t<div class=\"elementor-widget-container\">\n\t\t\t\t\t<div class=\"elementor-button-wrapper\"><a href=\"https:\/\/www.gov.cn\/gongbao\/content\/2021\/content_5647348.htm\" class=\"box-button elementor-button elementor-size-xs\">Mehr erfahren<\/a><\/div>\t\t\t\t<\/div>\n\t\t\t\t<\/div>\n\t\t\t\t<\/div>\n\t\t<div class=\"elementor-element elementor-element-abd9b3d e-con-full e-flex e-con e-child\" data-id=\"abd9b3d\" data-element_type=\"container\">\n\t\t\t\t<div class=\"elementor-element elementor-element-7dbeaa1 elementor-widget elementor-widget-text-editor\" data-id=\"7dbeaa1\" data-element_type=\"widget\" data-widget_type=\"text-editor.default\">\n\t\t\t\t<div class=\"elementor-widget-container\">\n\t\t\t\t\t\t\t\t\t<p>3\u3001\u4e2d\u56fd\u6559\u80b2\u90e8\u300a\u804c\u4e1a\u6559\u80b2\u6210\u4e3a\u6559\u80b2\u56fd\u9645\u4ea4\u6d41\u5408\u4f5c\u7684\u751f\u529b\u519b\u300b<\/p>\t\t\t\t\t\t\t\t<\/div>\n\t\t\t\t<\/div>\n\t\t\t\t<div class=\"elementor-element elementor-element-d515d40 elementor-widget elementor-widget-the7_button_widget\" data-id=\"d515d40\" data-element_type=\"widget\" data-widget_type=\"the7_button_widget.default\">\n\t\t\t\t<div class=\"elementor-widget-container\">\n\t\t\t\t\t<div class=\"elementor-button-wrapper\"><a href=\"http:\/\/www.moe.gov.cn\/jyb_xwfb\/xw_zt\/moe_357\/2024\/2024_zt20\/mtjj\/202411\/t20241121_1163921.html?from=kdocs_link\" class=\"box-button elementor-button elementor-size-xs\">Mehr erfahren<\/a><\/div>\t\t\t\t<\/div>\n\t\t\t\t<\/div>\n\t\t\t\t<\/div>\n\t\t\t\t\t<\/div>\n\t\t\t\t<\/div>\n\t\t\t\t<\/div>","protected":false},"excerpt":{"rendered":"<p>\u8fd1\u5e74\u6765\uff0c\u6211\u56fd\u5728\u653f\u6cbb\u548c\u653f\u7b56\u5c42\u9762\u9ad8\u5ea6\u91cd\u89c6\u804c\u4e1a\u6559\u80b2\u6539\u9769\uff0c\u5e76\u5c06\u5176\u4f5c\u4e3a\u63a8\u52a8\u7ecf\u6d4e\u8f6c\u578b\u5347\u7ea7\u3001\u57f9\u517b\u9ad8\u7d20\u8d28\u6280\u672f\u6280\u80fd\u4eba\u624d\u7684\u6838\u5fc3\u6218\u7565&hellip;<\/p>","protected":false},"author":1,"featured_media":87870,"parent":0,"menu_order":50,"comment_status":"closed","ping_status":"closed","template":"","meta":{"inline_featured_image":false,"footnotes":""},"class_list":["post-87606","page","type-page","status-publish","has-post-thumbnail","hentry"],"_links":{"self":[{"href":"https:\/\/r-b-z.de\/de\/wp-json\/wp\/v2\/pages\/87606","targetHints":{"allow":["GET"]}}],"collection":[{"href":"https:\/\/r-b-z.de\/de\/wp-json\/wp\/v2\/pages"}],"about":[{"href":"https:\/\/r-b-z.de\/de\/wp-json\/wp\/v2\/types\/page"}],"author":[{"embeddable":true,"href":"https:\/\/r-b-z.de\/de\/wp-json\/wp\/v2\/users\/1"}],"replies":[{"embeddable":true,"href":"https:\/\/r-b-z.de\/de\/wp-json\/wp\/v2\/comments?post=87606"}],"version-history":[{"count":25,"href":"https:\/\/r-b-z.de\/de\/wp-json\/wp\/v2\/pages\/87606\/revisions"}],"predecessor-version":[{"id":87632,"href":"https:\/\/r-b-z.de\/de\/wp-json\/wp\/v2\/pages\/87606\/revisions\/87632"}],"wp:featuredmedia":[{"embeddable":true,"href":"https:\/\/r-b-z.de\/de\/wp-json\/wp\/v2\/media\/87870"}],"wp:attachment":[{"href":"https:\/\/r-b-z.de\/de\/wp-json\/wp\/v2\/media?parent=87606"}],"curies":[{"name":"wp","href":"https:\/\/api.w.org\/{rel}","templated":true}]}}